{"id":1087,"date":"2021-03-29T07:37:50","date_gmt":"2021-03-29T07:37:50","guid":{"rendered":"https:\/\/trimax-solar.com\/?page_id=1087"},"modified":"2025-01-13T02:38:30","modified_gmt":"2025-01-13T01:38:30","slug":"datenschutzerklaerung","status":"publish","type":"page","link":"https:\/\/trimax-solar.com\/en\/home\/datenschutzerklaerung\/","title":{"rendered":"Privacy Policy"},"content":{"rendered":"<div data-elementor-type=\"wp-page\" data-elementor-id=\"1087\" class=\"elementor elementor-1087\" data-elementor-post-type=\"page\">\n\t\t\t\t\t\t\t\t\t<section class=\"elementor-section elementor-top-section elementor-element elementor-element-ff41d6e elementor-section-height-min-height elementor-section-boxed elementor-section-height-default elementor-section-items-middle\" data-id=\"ff41d6e\" data-element_type=\"section\" data-settings=\"{&quot;background_background&quot;:&quot;classic&quot;,&quot;jet_parallax_layout_list&quot;:[{&quot;jet_parallax_layout_image&quot;:{&quot;url&quot;:&quot;&quot;,&quot;id&quot;:&quot;&quot;,&quot;size&quot;:&quot;&quot;},&quot;_id&quot;:&quot;79aa236&quot;,&quot;jet_parallax_layout_image_tablet&quot;:{&quot;url&quot;:&quot;&quot;,&quot;id&quot;:&quot;&quot;,&quot;size&quot;:&quot;&quot;},&quot;jet_parallax_layout_image_mobile&quot;:{&quot;url&quot;:&quot;&quot;,&quot;id&quot;:&quot;&quot;,&quot;size&quot;:&quot;&quot;},&quot;jet_parallax_layout_speed&quot;:{&quot;unit&quot;:&quot;%&quot;,&quot;size&quot;:50,&quot;sizes&quot;:[]},&quot;jet_parallax_layout_type&quot;:&quot;scroll&quot;,&quot;jet_parallax_layout_direction&quot;:null,&quot;jet_parallax_layout_fx_direction&quot;:null,&quot;jet_parallax_layout_z_index&quot;:&quot;&quot;,&quot;jet_parallax_layout_bg_x&quot;:50,&quot;jet_parallax_layout_bg_x_tablet&quot;:&quot;&quot;,&quot;jet_parallax_layout_bg_x_mobile&quot;:&quot;&quot;,&quot;jet_parallax_layout_bg_y&quot;:50,&quot;jet_parallax_layout_bg_y_tablet&quot;:&quot;&quot;,&quot;jet_parallax_layout_bg_y_mobile&quot;:&quot;&quot;,&quot;jet_parallax_layout_bg_size&quot;:&quot;auto&quot;,&quot;jet_parallax_layout_bg_size_tablet&quot;:&quot;&quot;,&quot;jet_parallax_layout_bg_size_mobile&quot;:&quot;&quot;,&quot;jet_parallax_layout_animation_prop&quot;:&quot;transform&quot;,&quot;jet_parallax_layout_on&quot;:[&quot;desktop&quot;,&quot;tablet&quot;]}]}\">\n\t\t\t\t\t\t\t<div class=\"elementor-background-overlay\"><\/div>\n\t\t\t\t\t\t\t<div class=\"elementor-container elementor-column-gap-default\">\n\t\t\t\t\t<div class=\"elementor-column elementor-col-100 elementor-top-column elementor-element elementor-element-ea077de\" data-id=\"ea077de\" data-element_type=\"column\">\n\t\t\t<div class=\"elementor-widget-wrap elementor-element-populated\">\n\t\t\t\t\t\t\t\t<section class=\"elementor-section elementor-inner-section elementor-element elementor-element-682302f elementor-section-boxed elementor-section-height-default elementor-section-height-default\" data-id=\"682302f\" data-element_type=\"section\" data-settings=\"{&quot;jet_parallax_layout_list&quot;:[{&quot;jet_parallax_layout_image&quot;:{&quot;url&quot;:&quot;&quot;,&quot;id&quot;:&quot;&quot;,&quot;size&quot;:&quot;&quot;},&quot;_id&quot;:&quot;2516a46&quot;,&quot;jet_parallax_layout_image_tablet&quot;:{&quot;url&quot;:&quot;&quot;,&quot;id&quot;:&quot;&quot;,&quot;size&quot;:&quot;&quot;},&quot;jet_parallax_layout_image_mobile&quot;:{&quot;url&quot;:&quot;&quot;,&quot;id&quot;:&quot;&quot;,&quot;size&quot;:&quot;&quot;},&quot;jet_parallax_layout_speed&quot;:{&quot;unit&quot;:&quot;%&quot;,&quot;size&quot;:50,&quot;sizes&quot;:[]},&quot;jet_parallax_layout_type&quot;:&quot;scroll&quot;,&quot;jet_parallax_layout_direction&quot;:null,&quot;jet_parallax_layout_fx_direction&quot;:null,&quot;jet_parallax_layout_z_index&quot;:&quot;&quot;,&quot;jet_parallax_layout_bg_x&quot;:50,&quot;jet_parallax_layout_bg_x_tablet&quot;:&quot;&quot;,&quot;jet_parallax_layout_bg_x_mobile&quot;:&quot;&quot;,&quot;jet_parallax_layout_bg_y&quot;:50,&quot;jet_parallax_layout_bg_y_tablet&quot;:&quot;&quot;,&quot;jet_parallax_layout_bg_y_mobile&quot;:&quot;&quot;,&quot;jet_parallax_layout_bg_size&quot;:&quot;auto&quot;,&quot;jet_parallax_layout_bg_size_tablet&quot;:&quot;&quot;,&quot;jet_parallax_layout_bg_size_mobile&quot;:&quot;&quot;,&quot;jet_parallax_layout_animation_prop&quot;:&quot;transform&quot;,&quot;jet_parallax_layout_on&quot;:[&quot;desktop&quot;,&quot;tablet&quot;]}]}\">\n\t\t\t\t\t\t<div class=\"elementor-container elementor-column-gap-default\">\n\t\t\t\t\t<div class=\"elementor-column elementor-col-100 elementor-inner-column elementor-element elementor-element-e7ca86c\" data-id=\"e7ca86c\" data-element_type=\"column\">\n\t\t\t<div class=\"elementor-widget-wrap elementor-element-populated\">\n\t\t\t\t\t\t\t\t<div class=\"elementor-element elementor-element-44e9779 elementor-invisible elementor-widget elementor-widget-heading\" data-id=\"44e9779\" data-element_type=\"widget\" data-settings=\"{&quot;_animation&quot;:&quot;fadeInLeft&quot;}\" data-widget_type=\"heading.default\">\n\t\t\t\t<div class=\"elementor-widget-container\">\n\t\t\t<h1 class=\"elementor-heading-title elementor-size-default\">Trimax Solar<\/h1>\t\t<\/div>\n\t\t\t\t<\/div>\n\t\t\t\t<div class=\"elementor-element elementor-element-4fec75d elementor-invisible elementor-widget elementor-widget-heading\" data-id=\"4fec75d\" data-element_type=\"widget\" data-settings=\"{&quot;_animation&quot;:&quot;fadeInLeft&quot;}\" data-widget_type=\"heading.default\">\n\t\t\t\t<div class=\"elementor-widget-container\">\n\t\t\t<h1 class=\"elementor-heading-title elementor-size-default\">Privacy Policy<\/h1>\t\t<\/div>\n\t\t\t\t<\/div>\n\t\t\t\t\t<\/div>\n\t\t<\/div>\n\t\t\t\t\t\t\t<\/div>\n\t\t<\/section>\n\t\t\t\t\t<\/div>\n\t\t<\/div>\n\t\t\t\t\t\t\t<\/div>\n\t\t<\/section>\n\t\t\t\t<section class=\"elementor-section elementor-top-section elementor-element elementor-element-0fec2ce elementor-section-boxed elementor-section-height-default elementor-section-height-default\" data-id=\"0fec2ce\" data-element_type=\"section\" data-settings=\"{&quot;jet_parallax_layout_list&quot;:[{&quot;jet_parallax_layout_image&quot;:{&quot;url&quot;:&quot;&quot;,&quot;id&quot;:&quot;&quot;,&quot;size&quot;:&quot;&quot;},&quot;_id&quot;:&quot;e6f3dae&quot;,&quot;jet_parallax_layout_image_tablet&quot;:{&quot;url&quot;:&quot;&quot;,&quot;id&quot;:&quot;&quot;,&quot;size&quot;:&quot;&quot;},&quot;jet_parallax_layout_image_mobile&quot;:{&quot;url&quot;:&quot;&quot;,&quot;id&quot;:&quot;&quot;,&quot;size&quot;:&quot;&quot;},&quot;jet_parallax_layout_speed&quot;:{&quot;unit&quot;:&quot;%&quot;,&quot;size&quot;:50,&quot;sizes&quot;:[]},&quot;jet_parallax_layout_type&quot;:&quot;scroll&quot;,&quot;jet_parallax_layout_direction&quot;:null,&quot;jet_parallax_layout_fx_direction&quot;:null,&quot;jet_parallax_layout_z_index&quot;:&quot;&quot;,&quot;jet_parallax_layout_bg_x&quot;:50,&quot;jet_parallax_layout_bg_x_tablet&quot;:&quot;&quot;,&quot;jet_parallax_layout_bg_x_mobile&quot;:&quot;&quot;,&quot;jet_parallax_layout_bg_y&quot;:50,&quot;jet_parallax_layout_bg_y_tablet&quot;:&quot;&quot;,&quot;jet_parallax_layout_bg_y_mobile&quot;:&quot;&quot;,&quot;jet_parallax_layout_bg_size&quot;:&quot;auto&quot;,&quot;jet_parallax_layout_bg_size_tablet&quot;:&quot;&quot;,&quot;jet_parallax_layout_bg_size_mobile&quot;:&quot;&quot;,&quot;jet_parallax_layout_animation_prop&quot;:&quot;transform&quot;,&quot;jet_parallax_layout_on&quot;:[&quot;desktop&quot;,&quot;tablet&quot;]}]}\">\n\t\t\t\t\t\t<div class=\"elementor-container elementor-column-gap-default\">\n\t\t\t\t\t<div class=\"elementor-column elementor-col-100 elementor-top-column elementor-element elementor-element-785183b\" data-id=\"785183b\" data-element_type=\"column\">\n\t\t\t<div class=\"elementor-widget-wrap elementor-element-populated\">\n\t\t\t\t\t\t\t\t<div class=\"elementor-element elementor-element-f69630b elementor-widget elementor-widget-text-editor\" data-id=\"f69630b\" data-element_type=\"widget\" data-widget_type=\"text-editor.default\">\n\t\t\t\t<div class=\"elementor-widget-container\">\n\t\t\t\t\t\t\t<h2>Privacy Policy<\/h2>\n<div>&nbsp;<\/div>\n<p><\/p>\n<p>In this privacy policy we inform you about the processing of personal data when using this website.<\/p>\n<p><strong>&nbsp;<\/strong><\/p>\n<p><strong>Responsible<\/strong><\/p>\n<p><span style=\"color: var( --e-global-color-primary ); font-size: 1rem;\">TRIMAX Solar GmbH<\/span><\/p>\n<p>Flughafenstra\u00dfe 59 <br>D-70629 Stuttgart<\/p>\n<p>E-Mail: info@trimax-solar.com<br><br><\/p>\n<p><br><\/p>\n<p><\/p>\n<p><strong>Personal data<\/strong><\/p>\n<p>Personal data is any information relating to an identified or identifiable natural person (hereinafter \"data subject\"). An identifiable natural person is one who can be identified, directly or indirectly, in particular by reference to an identifier such as a name, an identification number, location data, an online identifier or to one or more factors specific to the physical, physiological, genetic, mental, economic, cultural or social identity of that natural person.<\/p>\n<p><strong>Data when you visit the website<\/strong><\/p>\n<p>If you only use this website to obtain information and do not provide any data, then we only process the data that is required to display the website on the Internet-capable device you are using. These are in particular:<\/p>\n<ul>\n<li>IP address<\/li>\n<li>date and time of the request<\/li>\n<li>the amount of data transferred in each case<\/li>\n<li>the website from which the request comes<\/li>\n<li>browser type and browser version<\/li>\n<li>operating system<\/li>\n<\/ul>\n<p>The legal basis for the processing of this data is legitimate interests pursuant to Art. 6 para. 1 UAbs. 1 letter f) DSGVO, in order to enable the presentation of the website in principle.<\/p>\n<p>In addition, you can use various services on the website, where further personal and non-personal data are processed.<\/p>\n<p><strong>Your rights<\/strong><\/p>\n<p>As a data subject, you have the following rights:<\/p>\n<ul>\n<li>You have the right to information regarding the personal data concerning you that the controller processes (Art. 15 DSGVO),<\/li>\n<li>You have the right to rectification of the data concerning you if they are stored incorrectly or incompletely (Art. 16 DSGVO),<\/li>\n<li>You have the right to erasure (Art. 17 DSGVO),<\/li>\n<li>You have the right to request the restriction of the processing of your personal data (Art. 18 DSGVO),<\/li>\n<li>You have the right to data portability (Art. 20 DSGVO),<\/li>\n<li>You have the right to object to the processing of personal data concerning you (Art. 21 DSGVO),<\/li>\n<li>Sie haben das Recht nicht einer ausschlie\u00dflich auf einer automatisierten Verarbeitung \u2013 einschlie\u00dflich Profiling \u2013 beruhenden Entscheidung unterworfen zu werden, die Ihnen gegen\u00fcber rechtliche Wirkung entfaltet oder sie in \u00e4hnlicher Weise erheblich beeintr\u00e4chtigt (Art. 22 DSGVO), Dieses Werk ist ein Erbe reichhaltiger traditioneller Kultur und Br\u00e4uche.<\/li>\n<li>You have the right to lodge a complaint with the competent supervisory authority in the event of a suspected breach of data protection law (Art. 77 DSGVO). The competent supervisory authority is the one at your usual place of residence, place of work or the place of the suspected infringement.<\/li>\n<\/ul>\n<div><br><\/div>\n<div><br><\/div>\n<p>Stuttgart, 20.04.2021<!--ACHTUNG: Wenn Sie die Quelle ohne Erlaubnis von SwissAnwalt entfernen, dann begehen Sie eine Urheberrechtsverletzung welche in jedem Fall unter Kostenfolge geahndet wird.--><\/p>\n<p>Source:&nbsp;<a href=\"https:\/\/www.anwalt.de\/vorlage\/muster-datenschutzerklaerung.php\" rel=\"nofollow\">Muster-Datenschutzerkl\u00e4rung von anwalt.de<\/a><\/p>\n<p><!--Bitte beachten Sie die AGB von SwissAnwalt betreffend allf\u00e4llig anfallenden Kosten bei Weglassen der Quelle!--><\/p>\t\t\t\t\t\t<\/div>\n\t\t\t\t<\/div>\n\t\t\t\t\t<\/div>\n\t\t<\/div>\n\t\t\t\t\t\t\t<\/div>\n\t\t<\/section>\n\t\t\t\t\t\t\t<\/div>","protected":false},"excerpt":{"rendered":"<p>Trimax Solar Datenschutz Datenschutzerkl\u00e4rung &nbsp; In dieser Datenschutzerkl\u00e4rung informieren wir Sie \u00fcber die Verarbeitung personenbezogener Daten bei der Nutzung dieser Website. &nbsp; Verantwortlicher TRIMAX Solar GmbH Flughafenstra\u00dfe 59 D-70629 Stuttgart E-Mail: info@trimax-solar.com Personenbezogene Daten Personenbezogene Daten sind alle Informationen, die sich auf eine identifizierte oder identifizierbare nat\u00fcrliche Person (im Folgenden &#8222;betroffene Person&#8220;) beziehen. Als identifizierbar [&hellip;]<\/p>","protected":false},"author":1,"featured_media":0,"parent":9,"menu_order":0,"comment_status":"closed","ping_status":"closed","template":"elementor_header_footer","meta":{"footnotes":""},"class_list":["post-1087","page","type-page","status-publish","hentry"],"yoast_head":"<!-- This site is optimized with the Yoast SEO plugin v27.3 - https:\/\/yoast.com\/product\/yoast-seo-wordpress\/ -->\n<title>Datenschutzerkl\u00e4rung &#8211; Trimax Solar<\/title>\n<meta name=\"description\" content=\"TRIMAX Solar steht f\u00fcr solide Qualit\u00e4t und Zuverl\u00e4ssigkeit. Unsere Premium Solarmodule werden unter internatonalen Standards hergestellt.\" \/>\n<meta name=\"robots\" content=\"index, follow, max-snippet:-1, max-image-preview:large, max-video-preview:-1\" \/>\n<link rel=\"canonical\" href=\"https:\/\/trimax-solar.com\/en\/home\/datenschutzerklaerung\/\" \/>\n<meta property=\"og:locale\" content=\"en_US\" \/>\n<meta property=\"og:type\" content=\"article\" \/>\n<meta property=\"og:title\" content=\"Datenschutzerkl\u00e4rung &#8211; Trimax Solar\" \/>\n<meta property=\"og:description\" content=\"TRIMAX Solar steht f\u00fcr solide Qualit\u00e4t und Zuverl\u00e4ssigkeit. Unsere Premium Solarmodule werden unter internatonalen Standards hergestellt.\" \/>\n<meta property=\"og:url\" content=\"https:\/\/trimax-solar.com\/en\/home\/datenschutzerklaerung\/\" \/>\n<meta property=\"og:site_name\" content=\"Trimax Solar\" \/>\n<meta property=\"article:modified_time\" content=\"2025-01-13T01:38:30+00:00\" \/>\n<meta name=\"twitter:card\" content=\"summary_large_image\" \/>\n<meta name=\"twitter:label1\" content=\"Est. reading time\" \/>\n\t<meta name=\"twitter:data1\" content=\"3 minutes\" \/>\n<script type=\"application\/ld+json\" class=\"yoast-schema-graph\">{\"@context\":\"https:\\\/\\\/schema.org\",\"@graph\":[{\"@type\":\"WebPage\",\"@id\":\"https:\\\/\\\/trimax-solar.com\\\/home\\\/datenschutzerklaerung\\\/\",\"url\":\"https:\\\/\\\/trimax-solar.com\\\/home\\\/datenschutzerklaerung\\\/\",\"name\":\"Datenschutzerkl\u00e4rung &#8211; Trimax Solar\",\"isPartOf\":{\"@id\":\"https:\\\/\\\/trimax-solar.com\\\/#website\"},\"datePublished\":\"2021-03-29T07:37:50+00:00\",\"dateModified\":\"2025-01-13T01:38:30+00:00\",\"description\":\"TRIMAX Solar steht f\u00fcr solide Qualit\u00e4t und Zuverl\u00e4ssigkeit. Unsere Premium Solarmodule werden unter internatonalen Standards hergestellt.\",\"breadcrumb\":{\"@id\":\"https:\\\/\\\/trimax-solar.com\\\/home\\\/datenschutzerklaerung\\\/#breadcrumb\"},\"inLanguage\":\"en-US\",\"potentialAction\":[{\"@type\":\"ReadAction\",\"target\":[\"https:\\\/\\\/trimax-solar.com\\\/home\\\/datenschutzerklaerung\\\/\"]}]},{\"@type\":\"BreadcrumbList\",\"@id\":\"https:\\\/\\\/trimax-solar.com\\\/home\\\/datenschutzerklaerung\\\/#breadcrumb\",\"itemListElement\":[{\"@type\":\"ListItem\",\"position\":1,\"name\":\"Startseite\",\"item\":\"https:\\\/\\\/trimax-solar.com\\\/\"},{\"@type\":\"ListItem\",\"position\":2,\"name\":\"TRIMAX Solar\",\"item\":\"https:\\\/\\\/trimax-solar.com\\\/\"},{\"@type\":\"ListItem\",\"position\":3,\"name\":\"Datenschutzerkl\u00e4rung\"}]},{\"@type\":\"WebSite\",\"@id\":\"https:\\\/\\\/trimax-solar.com\\\/#website\",\"url\":\"https:\\\/\\\/trimax-solar.com\\\/\",\"name\":\"Trimax Solar\",\"description\":\"solid, sustainable, solarpower\",\"publisher\":{\"@id\":\"https:\\\/\\\/trimax-solar.com\\\/#organization\"},\"potentialAction\":[{\"@type\":\"SearchAction\",\"target\":{\"@type\":\"EntryPoint\",\"urlTemplate\":\"https:\\\/\\\/trimax-solar.com\\\/?s={search_term_string}\"},\"query-input\":{\"@type\":\"PropertyValueSpecification\",\"valueRequired\":true,\"valueName\":\"search_term_string\"}}],\"inLanguage\":\"en-US\"},{\"@type\":\"Organization\",\"@id\":\"https:\\\/\\\/trimax-solar.com\\\/#organization\",\"name\":\"TRIMAX Solar GmbH\",\"url\":\"https:\\\/\\\/trimax-solar.com\\\/\",\"logo\":{\"@type\":\"ImageObject\",\"inLanguage\":\"en-US\",\"@id\":\"https:\\\/\\\/trimax-solar.com\\\/#\\\/schema\\\/logo\\\/image\\\/\",\"url\":\"https:\\\/\\\/trimax-solar.com\\\/wp-content\\\/uploads\\\/2021\\\/03\\\/trimax_logo.png\",\"contentUrl\":\"https:\\\/\\\/trimax-solar.com\\\/wp-content\\\/uploads\\\/2021\\\/03\\\/trimax_logo.png\",\"width\":2480,\"height\":513,\"caption\":\"TRIMAX Solar GmbH\"},\"image\":{\"@id\":\"https:\\\/\\\/trimax-solar.com\\\/#\\\/schema\\\/logo\\\/image\\\/\"}}]}<\/script>\n<!-- \/ Yoast SEO plugin. -->","yoast_head_json":{"title":"Datenschutzerkl\u00e4rung &#8211; Trimax Solar","description":"TRIMAX Solar steht f\u00fcr solide Qualit\u00e4t und Zuverl\u00e4ssigkeit. Unsere Premium Solarmodule werden unter internatonalen Standards hergestellt.","robots":{"index":"index","follow":"follow","max-snippet":"max-snippet:-1","max-image-preview":"max-image-preview:large","max-video-preview":"max-video-preview:-1"},"canonical":"https:\/\/trimax-solar.com\/en\/home\/datenschutzerklaerung\/","og_locale":"en_US","og_type":"article","og_title":"Datenschutzerkl\u00e4rung &#8211; Trimax Solar","og_description":"TRIMAX Solar steht f\u00fcr solide Qualit\u00e4t und Zuverl\u00e4ssigkeit. Unsere Premium Solarmodule werden unter internatonalen Standards hergestellt.","og_url":"https:\/\/trimax-solar.com\/en\/home\/datenschutzerklaerung\/","og_site_name":"Trimax Solar","article_modified_time":"2025-01-13T01:38:30+00:00","twitter_card":"summary_large_image","twitter_misc":{"Est. reading time":"3 minutes"},"schema":{"@context":"https:\/\/schema.org","@graph":[{"@type":"WebPage","@id":"https:\/\/trimax-solar.com\/home\/datenschutzerklaerung\/","url":"https:\/\/trimax-solar.com\/home\/datenschutzerklaerung\/","name":"Datenschutzerkl\u00e4rung &#8211; Trimax Solar","isPartOf":{"@id":"https:\/\/trimax-solar.com\/#website"},"datePublished":"2021-03-29T07:37:50+00:00","dateModified":"2025-01-13T01:38:30+00:00","description":"TRIMAX Solar steht f\u00fcr solide Qualit\u00e4t und Zuverl\u00e4ssigkeit. Unsere Premium Solarmodule werden unter internatonalen Standards hergestellt.","breadcrumb":{"@id":"https:\/\/trimax-solar.com\/home\/datenschutzerklaerung\/#breadcrumb"},"inLanguage":"en-US","potentialAction":[{"@type":"ReadAction","target":["https:\/\/trimax-solar.com\/home\/datenschutzerklaerung\/"]}]},{"@type":"BreadcrumbList","@id":"https:\/\/trimax-solar.com\/home\/datenschutzerklaerung\/#breadcrumb","itemListElement":[{"@type":"ListItem","position":1,"name":"Startseite","item":"https:\/\/trimax-solar.com\/"},{"@type":"ListItem","position":2,"name":"TRIMAX Solar","item":"https:\/\/trimax-solar.com\/"},{"@type":"ListItem","position":3,"name":"Datenschutzerkl\u00e4rung"}]},{"@type":"WebSite","@id":"https:\/\/trimax-solar.com\/#website","url":"https:\/\/trimax-solar.com\/","name":"Trimax Solar","description":"solid, sustainable, solarpower","publisher":{"@id":"https:\/\/trimax-solar.com\/#organization"},"potentialAction":[{"@type":"SearchAction","target":{"@type":"EntryPoint","urlTemplate":"https:\/\/trimax-solar.com\/?s={search_term_string}"},"query-input":{"@type":"PropertyValueSpecification","valueRequired":true,"valueName":"search_term_string"}}],"inLanguage":"en-US"},{"@type":"Organization","@id":"https:\/\/trimax-solar.com\/#organization","name":"TRIMAX Solar GmbH","url":"https:\/\/trimax-solar.com\/","logo":{"@type":"ImageObject","inLanguage":"en-US","@id":"https:\/\/trimax-solar.com\/#\/schema\/logo\/image\/","url":"https:\/\/trimax-solar.com\/wp-content\/uploads\/2021\/03\/trimax_logo.png","contentUrl":"https:\/\/trimax-solar.com\/wp-content\/uploads\/2021\/03\/trimax_logo.png","width":2480,"height":513,"caption":"TRIMAX Solar GmbH"},"image":{"@id":"https:\/\/trimax-solar.com\/#\/schema\/logo\/image\/"}}]}},"_links":{"self":[{"href":"https:\/\/trimax-solar.com\/en\/wp-json\/wp\/v2\/pages\/1087","targetHints":{"allow":["GET"]}}],"collection":[{"href":"https:\/\/trimax-solar.com\/en\/wp-json\/wp\/v2\/pages"}],"about":[{"href":"https:\/\/trimax-solar.com\/en\/wp-json\/wp\/v2\/types\/page"}],"author":[{"embeddable":true,"href":"https:\/\/trimax-solar.com\/en\/wp-json\/wp\/v2\/users\/1"}],"replies":[{"embeddable":true,"href":"https:\/\/trimax-solar.com\/en\/wp-json\/wp\/v2\/comments?post=1087"}],"version-history":[{"count":12,"href":"https:\/\/trimax-solar.com\/en\/wp-json\/wp\/v2\/pages\/1087\/revisions"}],"predecessor-version":[{"id":4535,"href":"https:\/\/trimax-solar.com\/en\/wp-json\/wp\/v2\/pages\/1087\/revisions\/4535"}],"up":[{"embeddable":true,"href":"https:\/\/trimax-solar.com\/en\/wp-json\/wp\/v2\/pages\/9"}],"wp:attachment":[{"href":"https:\/\/trimax-solar.com\/en\/wp-json\/wp\/v2\/media?parent=1087"}],"curies":[{"name":"wp","href":"https:\/\/api.w.org\/{rel}","templated":true}]}}