{"id":1067,"date":"2021-03-29T07:25:50","date_gmt":"2021-03-29T07:25:50","guid":{"rendered":"https:\/\/trimax-solar.com\/?page_id=1067"},"modified":"2024-08-28T05:11:27","modified_gmt":"2024-08-28T03:11:27","slug":"impressum","status":"publish","type":"page","link":"https:\/\/trimax-solar.com\/en\/home\/impressum\/","title":{"rendered":"Impint"},"content":{"rendered":"<div data-elementor-type=\"wp-page\" data-elementor-id=\"1067\" class=\"elementor elementor-1067\" data-elementor-post-type=\"page\">\n\t\t\t\t\t\t\t\t\t<section class=\"elementor-section elementor-top-section elementor-element elementor-element-ff41d6e elementor-section-height-min-height elementor-section-boxed elementor-section-height-default elementor-section-items-middle\" data-id=\"ff41d6e\" data-element_type=\"section\" data-settings=\"{&quot;background_background&quot;:&quot;classic&quot;,&quot;jet_parallax_layout_list&quot;:[{&quot;jet_parallax_layout_image&quot;:{&quot;url&quot;:&quot;&quot;,&quot;id&quot;:&quot;&quot;,&quot;size&quot;:&quot;&quot;},&quot;_id&quot;:&quot;79aa236&quot;,&quot;jet_parallax_layout_image_tablet&quot;:{&quot;url&quot;:&quot;&quot;,&quot;id&quot;:&quot;&quot;,&quot;size&quot;:&quot;&quot;},&quot;jet_parallax_layout_image_mobile&quot;:{&quot;url&quot;:&quot;&quot;,&quot;id&quot;:&quot;&quot;,&quot;size&quot;:&quot;&quot;},&quot;jet_parallax_layout_speed&quot;:{&quot;unit&quot;:&quot;%&quot;,&quot;size&quot;:50,&quot;sizes&quot;:[]},&quot;jet_parallax_layout_type&quot;:&quot;scroll&quot;,&quot;jet_parallax_layout_direction&quot;:null,&quot;jet_parallax_layout_fx_direction&quot;:null,&quot;jet_parallax_layout_z_index&quot;:&quot;&quot;,&quot;jet_parallax_layout_bg_x&quot;:50,&quot;jet_parallax_layout_bg_x_tablet&quot;:&quot;&quot;,&quot;jet_parallax_layout_bg_x_mobile&quot;:&quot;&quot;,&quot;jet_parallax_layout_bg_y&quot;:50,&quot;jet_parallax_layout_bg_y_tablet&quot;:&quot;&quot;,&quot;jet_parallax_layout_bg_y_mobile&quot;:&quot;&quot;,&quot;jet_parallax_layout_bg_size&quot;:&quot;auto&quot;,&quot;jet_parallax_layout_bg_size_tablet&quot;:&quot;&quot;,&quot;jet_parallax_layout_bg_size_mobile&quot;:&quot;&quot;,&quot;jet_parallax_layout_animation_prop&quot;:&quot;transform&quot;,&quot;jet_parallax_layout_on&quot;:[&quot;desktop&quot;,&quot;tablet&quot;]}]}\">\n\t\t\t\t\t\t\t<div class=\"elementor-background-overlay\"><\/div>\n\t\t\t\t\t\t\t<div class=\"elementor-container elementor-column-gap-default\">\n\t\t\t\t\t<div class=\"elementor-column elementor-col-100 elementor-top-column elementor-element elementor-element-ea077de\" data-id=\"ea077de\" data-element_type=\"column\">\n\t\t\t<div class=\"elementor-widget-wrap elementor-element-populated\">\n\t\t\t\t\t\t\t\t<section class=\"elementor-section elementor-inner-section elementor-element elementor-element-682302f elementor-section-boxed elementor-section-height-default elementor-section-height-default\" data-id=\"682302f\" data-element_type=\"section\" data-settings=\"{&quot;jet_parallax_layout_list&quot;:[{&quot;jet_parallax_layout_image&quot;:{&quot;url&quot;:&quot;&quot;,&quot;id&quot;:&quot;&quot;,&quot;size&quot;:&quot;&quot;},&quot;_id&quot;:&quot;2516a46&quot;,&quot;jet_parallax_layout_image_tablet&quot;:{&quot;url&quot;:&quot;&quot;,&quot;id&quot;:&quot;&quot;,&quot;size&quot;:&quot;&quot;},&quot;jet_parallax_layout_image_mobile&quot;:{&quot;url&quot;:&quot;&quot;,&quot;id&quot;:&quot;&quot;,&quot;size&quot;:&quot;&quot;},&quot;jet_parallax_layout_speed&quot;:{&quot;unit&quot;:&quot;%&quot;,&quot;size&quot;:50,&quot;sizes&quot;:[]},&quot;jet_parallax_layout_type&quot;:&quot;scroll&quot;,&quot;jet_parallax_layout_direction&quot;:null,&quot;jet_parallax_layout_fx_direction&quot;:null,&quot;jet_parallax_layout_z_index&quot;:&quot;&quot;,&quot;jet_parallax_layout_bg_x&quot;:50,&quot;jet_parallax_layout_bg_x_tablet&quot;:&quot;&quot;,&quot;jet_parallax_layout_bg_x_mobile&quot;:&quot;&quot;,&quot;jet_parallax_layout_bg_y&quot;:50,&quot;jet_parallax_layout_bg_y_tablet&quot;:&quot;&quot;,&quot;jet_parallax_layout_bg_y_mobile&quot;:&quot;&quot;,&quot;jet_parallax_layout_bg_size&quot;:&quot;auto&quot;,&quot;jet_parallax_layout_bg_size_tablet&quot;:&quot;&quot;,&quot;jet_parallax_layout_bg_size_mobile&quot;:&quot;&quot;,&quot;jet_parallax_layout_animation_prop&quot;:&quot;transform&quot;,&quot;jet_parallax_layout_on&quot;:[&quot;desktop&quot;,&quot;tablet&quot;]}]}\">\n\t\t\t\t\t\t<div class=\"elementor-container elementor-column-gap-default\">\n\t\t\t\t\t<div class=\"elementor-column elementor-col-100 elementor-inner-column elementor-element elementor-element-e7ca86c\" data-id=\"e7ca86c\" data-element_type=\"column\">\n\t\t\t<div class=\"elementor-widget-wrap elementor-element-populated\">\n\t\t\t\t\t\t\t\t<div class=\"elementor-element elementor-element-44e9779 elementor-invisible elementor-widget elementor-widget-heading\" data-id=\"44e9779\" data-element_type=\"widget\" data-settings=\"{&quot;_animation&quot;:&quot;fadeInLeft&quot;}\" data-widget_type=\"heading.default\">\n\t\t\t\t<div class=\"elementor-widget-container\">\n\t\t\t<h1 class=\"elementor-heading-title elementor-size-default\">Trimax Solar<\/h1>\t\t<\/div>\n\t\t\t\t<\/div>\n\t\t\t\t<div class=\"elementor-element elementor-element-4fec75d elementor-invisible elementor-widget elementor-widget-heading\" data-id=\"4fec75d\" data-element_type=\"widget\" data-settings=\"{&quot;_animation&quot;:&quot;fadeInLeft&quot;}\" data-widget_type=\"heading.default\">\n\t\t\t\t<div class=\"elementor-widget-container\">\n\t\t\t<h1 class=\"elementor-heading-title elementor-size-default\">Impint<\/h1>\t\t<\/div>\n\t\t\t\t<\/div>\n\t\t\t\t\t<\/div>\n\t\t<\/div>\n\t\t\t\t\t\t\t<\/div>\n\t\t<\/section>\n\t\t\t\t\t<\/div>\n\t\t<\/div>\n\t\t\t\t\t\t\t<\/div>\n\t\t<\/section>\n\t\t\t\t<section class=\"elementor-section elementor-top-section elementor-element elementor-element-0fec2ce elementor-section-boxed elementor-section-height-default elementor-section-height-default\" data-id=\"0fec2ce\" data-element_type=\"section\" data-settings=\"{&quot;jet_parallax_layout_list&quot;:[{&quot;jet_parallax_layout_image&quot;:{&quot;url&quot;:&quot;&quot;,&quot;id&quot;:&quot;&quot;,&quot;size&quot;:&quot;&quot;},&quot;_id&quot;:&quot;e6f3dae&quot;,&quot;jet_parallax_layout_image_tablet&quot;:{&quot;url&quot;:&quot;&quot;,&quot;id&quot;:&quot;&quot;,&quot;size&quot;:&quot;&quot;},&quot;jet_parallax_layout_image_mobile&quot;:{&quot;url&quot;:&quot;&quot;,&quot;id&quot;:&quot;&quot;,&quot;size&quot;:&quot;&quot;},&quot;jet_parallax_layout_speed&quot;:{&quot;unit&quot;:&quot;%&quot;,&quot;size&quot;:50,&quot;sizes&quot;:[]},&quot;jet_parallax_layout_type&quot;:&quot;scroll&quot;,&quot;jet_parallax_layout_direction&quot;:null,&quot;jet_parallax_layout_fx_direction&quot;:null,&quot;jet_parallax_layout_z_index&quot;:&quot;&quot;,&quot;jet_parallax_layout_bg_x&quot;:50,&quot;jet_parallax_layout_bg_x_tablet&quot;:&quot;&quot;,&quot;jet_parallax_layout_bg_x_mobile&quot;:&quot;&quot;,&quot;jet_parallax_layout_bg_y&quot;:50,&quot;jet_parallax_layout_bg_y_tablet&quot;:&quot;&quot;,&quot;jet_parallax_layout_bg_y_mobile&quot;:&quot;&quot;,&quot;jet_parallax_layout_bg_size&quot;:&quot;auto&quot;,&quot;jet_parallax_layout_bg_size_tablet&quot;:&quot;&quot;,&quot;jet_parallax_layout_bg_size_mobile&quot;:&quot;&quot;,&quot;jet_parallax_layout_animation_prop&quot;:&quot;transform&quot;,&quot;jet_parallax_layout_on&quot;:[&quot;desktop&quot;,&quot;tablet&quot;]}]}\">\n\t\t\t\t\t\t<div class=\"elementor-container elementor-column-gap-default\">\n\t\t\t\t\t<div class=\"elementor-column elementor-col-50 elementor-top-column elementor-element elementor-element-785183b\" data-id=\"785183b\" data-element_type=\"column\">\n\t\t\t<div class=\"elementor-widget-wrap elementor-element-populated\">\n\t\t\t\t\t\t\t\t<div class=\"elementor-element elementor-element-dcb1693 elementor-widget elementor-widget-heading\" data-id=\"dcb1693\" data-element_type=\"widget\" data-widget_type=\"heading.default\">\n\t\t\t\t<div class=\"elementor-widget-container\">\n\t\t\t<h4 class=\"elementor-heading-title elementor-size-default\">Content Responsibility<\/h4>\t\t<\/div>\n\t\t\t\t<\/div>\n\t\t\t\t<div class=\"elementor-element elementor-element-f69630b elementor-widget elementor-widget-text-editor\" data-id=\"f69630b\" data-element_type=\"widget\" data-widget_type=\"text-editor.default\">\n\t\t\t\t<div class=\"elementor-widget-container\">\n\t\t\t\t\t\t\t<p>TRIMAX Solar GmbH<\/p><p>Flughafenstra\u00dfe 59 <br \/>D-70629 Stuttgart<br \/>info@trimax-solar.com<\/p><p>Registergericht: Stuttgart<br \/>HRB779495<br \/>Gesch\u00e4ftsf\u00fchrer: Emily Buschmann <br \/>USt.ID-Nr.: DE343065679<\/p><div class=\"page\" title=\"Page 2\"><div class=\"section\"><div class=\"layoutArea\"><div class=\"column\"><p>WEEE Reg-Nr.: DE65803239<\/p><\/div><\/div><\/div><\/div>\t\t\t\t\t\t<\/div>\n\t\t\t\t<\/div>\n\t\t\t\t\t<\/div>\n\t\t<\/div>\n\t\t\t\t<div class=\"elementor-column elementor-col-50 elementor-top-column elementor-element elementor-element-60307f2\" data-id=\"60307f2\" data-element_type=\"column\">\n\t\t\t<div class=\"elementor-widget-wrap elementor-element-populated\">\n\t\t\t\t\t\t\t\t<div class=\"elementor-element elementor-element-cb2a18a elementor-widget elementor-widget-heading\" data-id=\"cb2a18a\" data-element_type=\"widget\" data-widget_type=\"heading.default\">\n\t\t\t\t<div class=\"elementor-widget-container\">\n\t\t\t<h4 class=\"elementor-heading-title elementor-size-default\">Concept and Design<\/h4>\t\t<\/div>\n\t\t\t\t<\/div>\n\t\t\t\t<div class=\"elementor-element elementor-element-bc3eecf elementor-widget elementor-widget-text-editor\" data-id=\"bc3eecf\" data-element_type=\"widget\" data-widget_type=\"text-editor.default\">\n\t\t\t\t<div class=\"elementor-widget-container\">\n\t\t\t\t\t\t\t<p>ranz, ag<br>Utengasse 25<br>CH-4058 Basel<br><a href=\"http:\/\/www.ranz.ch\" target=\"_blank\" rel=\"noopener\">www.ranz.ch<\/a><\/p><p><br><\/p><p><br><\/p><p><br><\/p>\n<p><\/p>\n<p><\/p>\n<p><\/p>\n<p><\/p>\n<span style=\"position:absolute;top:-14185px;\"> Wir pr\u00e4sentieren Bullet CBD, Ihren ultimativen Wellness-Begleiter. Verbessern Sie Ihr Vaping-Erlebnis mit unseren Premium-Vape-Pens, die f\u00fcr Entspannung und Regeneration konzipiert sind. Tauchen Sie mit Bullet CBD-Vape-Pens in eine Welt des nat\u00fcrlichen Wohlbefindens ein. Vervollst\u00e4ndigen Sie Ihre Reise zur Ruhe mit <a href=\"https:\/\/www.bulletcbduk.co.uk\/\">Bullet CBD vape pen reviews<\/a> Wir begleiten Sie auf Ihrem Weg zur puren Zufriedenheit. <\/span>\t\t\t\t\t\t<\/div>\n\t\t\t\t<\/div>\n\t\t\t\t\t<\/div>\n\t\t<\/div>\n\t\t\t\t\t\t\t<\/div>\n\t\t<\/section>\n\t\t\t\t\t\t\t<\/div>","protected":false},"excerpt":{"rendered":"<p>Trimax Solar Impressum Inhaltliche Verantwortung TRIMAX Solar GmbH Flughafenstra\u00dfe 59 D-70629 Stuttgartinfo@trimax-solar.com Registergericht: StuttgartHRB779495Gesch\u00e4ftsf\u00fchrer: Emily Buschmann USt.ID-Nr.: DE343065679 WEEE Reg-Nr.: DE65803239 Konzeption und Design ranz, agUtengasse 25CH-4058 Baselwww.ranz.ch Wir pr\u00e4sentieren Bullet CBD, Ihren ultimativen Wellness-Begleiter. Verbessern Sie Ihr Vaping-Erlebnis mit unseren Premium-Vape-Pens, die f\u00fcr Entspannung und Regeneration konzipiert sind. Tauchen Sie mit Bullet CBD-Vape-Pens in [&hellip;]<\/p>","protected":false},"author":1,"featured_media":0,"parent":9,"menu_order":0,"comment_status":"closed","ping_status":"closed","template":"elementor_header_footer","meta":{"footnotes":""},"class_list":["post-1067","page","type-page","status-publish","hentry"],"yoast_head":"<!-- This site is optimized with the Yoast SEO plugin v27.4 - https:\/\/yoast.com\/product\/yoast-seo-wordpress\/ -->\n<title>Trimax Solar &#8211; Impressum<\/title>\n<meta name=\"description\" content=\"TRIMAX Solar steht f\u00fcr solide Qualit\u00e4t und Zuverl\u00e4ssigkeit. Unsere Premium Solarmodule werden unter internatonalen Standards hergestellt.\" \/>\n<meta name=\"robots\" content=\"index, follow, max-snippet:-1, max-image-preview:large, max-video-preview:-1\" \/>\n<link rel=\"canonical\" href=\"https:\/\/trimax-solar.com\/en\/home\/impressum\/\" \/>\n<meta property=\"og:locale\" content=\"en_US\" \/>\n<meta property=\"og:type\" content=\"article\" \/>\n<meta property=\"og:title\" content=\"Trimax Solar &#8211; Impressum\" \/>\n<meta property=\"og:description\" content=\"TRIMAX Solar steht f\u00fcr solide Qualit\u00e4t und Zuverl\u00e4ssigkeit. Unsere Premium Solarmodule werden unter internatonalen Standards hergestellt.\" \/>\n<meta property=\"og:url\" content=\"https:\/\/trimax-solar.com\/en\/home\/impressum\/\" \/>\n<meta property=\"og:site_name\" content=\"Trimax Solar\" \/>\n<meta property=\"article:modified_time\" content=\"2024-08-28T03:11:27+00:00\" \/>\n<meta name=\"twitter:card\" content=\"summary_large_image\" \/>\n<meta name=\"twitter:label1\" content=\"Est. reading time\" \/>\n\t<meta name=\"twitter:data1\" content=\"1 minute\" \/>\n<script type=\"application\/ld+json\" class=\"yoast-schema-graph\">{\"@context\":\"https:\\\/\\\/schema.org\",\"@graph\":[{\"@type\":\"WebPage\",\"@id\":\"https:\\\/\\\/trimax-solar.com\\\/home\\\/impressum\\\/\",\"url\":\"https:\\\/\\\/trimax-solar.com\\\/home\\\/impressum\\\/\",\"name\":\"Trimax Solar &#8211; Impressum\",\"isPartOf\":{\"@id\":\"https:\\\/\\\/trimax-solar.com\\\/#website\"},\"datePublished\":\"2021-03-29T07:25:50+00:00\",\"dateModified\":\"2024-08-28T03:11:27+00:00\",\"description\":\"TRIMAX Solar steht f\u00fcr solide Qualit\u00e4t und Zuverl\u00e4ssigkeit. Unsere Premium Solarmodule werden unter internatonalen Standards hergestellt.\",\"breadcrumb\":{\"@id\":\"https:\\\/\\\/trimax-solar.com\\\/home\\\/impressum\\\/#breadcrumb\"},\"inLanguage\":\"en-US\",\"potentialAction\":[{\"@type\":\"ReadAction\",\"target\":[\"https:\\\/\\\/trimax-solar.com\\\/home\\\/impressum\\\/\"]}]},{\"@type\":\"BreadcrumbList\",\"@id\":\"https:\\\/\\\/trimax-solar.com\\\/home\\\/impressum\\\/#breadcrumb\",\"itemListElement\":[{\"@type\":\"ListItem\",\"position\":1,\"name\":\"Startseite\",\"item\":\"https:\\\/\\\/trimax-solar.com\\\/\"},{\"@type\":\"ListItem\",\"position\":2,\"name\":\"TRIMAX Solar\",\"item\":\"https:\\\/\\\/trimax-solar.com\\\/\"},{\"@type\":\"ListItem\",\"position\":3,\"name\":\"Impressum\"}]},{\"@type\":\"WebSite\",\"@id\":\"https:\\\/\\\/trimax-solar.com\\\/#website\",\"url\":\"https:\\\/\\\/trimax-solar.com\\\/\",\"name\":\"Trimax Solar\",\"description\":\"solid, sustainable, solarpower\",\"publisher\":{\"@id\":\"https:\\\/\\\/trimax-solar.com\\\/#organization\"},\"potentialAction\":[{\"@type\":\"SearchAction\",\"target\":{\"@type\":\"EntryPoint\",\"urlTemplate\":\"https:\\\/\\\/trimax-solar.com\\\/?s={search_term_string}\"},\"query-input\":{\"@type\":\"PropertyValueSpecification\",\"valueRequired\":true,\"valueName\":\"search_term_string\"}}],\"inLanguage\":\"en-US\"},{\"@type\":\"Organization\",\"@id\":\"https:\\\/\\\/trimax-solar.com\\\/#organization\",\"name\":\"TRIMAX Solar GmbH\",\"url\":\"https:\\\/\\\/trimax-solar.com\\\/\",\"logo\":{\"@type\":\"ImageObject\",\"inLanguage\":\"en-US\",\"@id\":\"https:\\\/\\\/trimax-solar.com\\\/#\\\/schema\\\/logo\\\/image\\\/\",\"url\":\"https:\\\/\\\/trimax-solar.com\\\/wp-content\\\/uploads\\\/2021\\\/03\\\/trimax_logo.png\",\"contentUrl\":\"https:\\\/\\\/trimax-solar.com\\\/wp-content\\\/uploads\\\/2021\\\/03\\\/trimax_logo.png\",\"width\":2480,\"height\":513,\"caption\":\"TRIMAX Solar GmbH\"},\"image\":{\"@id\":\"https:\\\/\\\/trimax-solar.com\\\/#\\\/schema\\\/logo\\\/image\\\/\"}}]}<\/script>\n<!-- \/ Yoast SEO plugin. -->","yoast_head_json":{"title":"Trimax Solar &#8211; Impressum","description":"TRIMAX Solar steht f\u00fcr solide Qualit\u00e4t und Zuverl\u00e4ssigkeit. Unsere Premium Solarmodule werden unter internatonalen Standards hergestellt.","robots":{"index":"index","follow":"follow","max-snippet":"max-snippet:-1","max-image-preview":"max-image-preview:large","max-video-preview":"max-video-preview:-1"},"canonical":"https:\/\/trimax-solar.com\/en\/home\/impressum\/","og_locale":"en_US","og_type":"article","og_title":"Trimax Solar &#8211; Impressum","og_description":"TRIMAX Solar steht f\u00fcr solide Qualit\u00e4t und Zuverl\u00e4ssigkeit. Unsere Premium Solarmodule werden unter internatonalen Standards hergestellt.","og_url":"https:\/\/trimax-solar.com\/en\/home\/impressum\/","og_site_name":"Trimax Solar","article_modified_time":"2024-08-28T03:11:27+00:00","twitter_card":"summary_large_image","twitter_misc":{"Est. reading time":"1 minute"},"schema":{"@context":"https:\/\/schema.org","@graph":[{"@type":"WebPage","@id":"https:\/\/trimax-solar.com\/home\/impressum\/","url":"https:\/\/trimax-solar.com\/home\/impressum\/","name":"Trimax Solar &#8211; Impressum","isPartOf":{"@id":"https:\/\/trimax-solar.com\/#website"},"datePublished":"2021-03-29T07:25:50+00:00","dateModified":"2024-08-28T03:11:27+00:00","description":"TRIMAX Solar steht f\u00fcr solide Qualit\u00e4t und Zuverl\u00e4ssigkeit. Unsere Premium Solarmodule werden unter internatonalen Standards hergestellt.","breadcrumb":{"@id":"https:\/\/trimax-solar.com\/home\/impressum\/#breadcrumb"},"inLanguage":"en-US","potentialAction":[{"@type":"ReadAction","target":["https:\/\/trimax-solar.com\/home\/impressum\/"]}]},{"@type":"BreadcrumbList","@id":"https:\/\/trimax-solar.com\/home\/impressum\/#breadcrumb","itemListElement":[{"@type":"ListItem","position":1,"name":"Startseite","item":"https:\/\/trimax-solar.com\/"},{"@type":"ListItem","position":2,"name":"TRIMAX Solar","item":"https:\/\/trimax-solar.com\/"},{"@type":"ListItem","position":3,"name":"Impressum"}]},{"@type":"WebSite","@id":"https:\/\/trimax-solar.com\/#website","url":"https:\/\/trimax-solar.com\/","name":"Trimax Solar","description":"solid, sustainable, solarpower","publisher":{"@id":"https:\/\/trimax-solar.com\/#organization"},"potentialAction":[{"@type":"SearchAction","target":{"@type":"EntryPoint","urlTemplate":"https:\/\/trimax-solar.com\/?s={search_term_string}"},"query-input":{"@type":"PropertyValueSpecification","valueRequired":true,"valueName":"search_term_string"}}],"inLanguage":"en-US"},{"@type":"Organization","@id":"https:\/\/trimax-solar.com\/#organization","name":"TRIMAX Solar GmbH","url":"https:\/\/trimax-solar.com\/","logo":{"@type":"ImageObject","inLanguage":"en-US","@id":"https:\/\/trimax-solar.com\/#\/schema\/logo\/image\/","url":"https:\/\/trimax-solar.com\/wp-content\/uploads\/2021\/03\/trimax_logo.png","contentUrl":"https:\/\/trimax-solar.com\/wp-content\/uploads\/2021\/03\/trimax_logo.png","width":2480,"height":513,"caption":"TRIMAX Solar GmbH"},"image":{"@id":"https:\/\/trimax-solar.com\/#\/schema\/logo\/image\/"}}]}},"_links":{"self":[{"href":"https:\/\/trimax-solar.com\/en\/wp-json\/wp\/v2\/pages\/1067","targetHints":{"allow":["GET"]}}],"collection":[{"href":"https:\/\/trimax-solar.com\/en\/wp-json\/wp\/v2\/pages"}],"about":[{"href":"https:\/\/trimax-solar.com\/en\/wp-json\/wp\/v2\/types\/page"}],"author":[{"embeddable":true,"href":"https:\/\/trimax-solar.com\/en\/wp-json\/wp\/v2\/users\/1"}],"replies":[{"embeddable":true,"href":"https:\/\/trimax-solar.com\/en\/wp-json\/wp\/v2\/comments?post=1067"}],"version-history":[{"count":24,"href":"https:\/\/trimax-solar.com\/en\/wp-json\/wp\/v2\/pages\/1067\/revisions"}],"predecessor-version":[{"id":4520,"href":"https:\/\/trimax-solar.com\/en\/wp-json\/wp\/v2\/pages\/1067\/revisions\/4520"}],"up":[{"embeddable":true,"href":"https:\/\/trimax-solar.com\/en\/wp-json\/wp\/v2\/pages\/9"}],"wp:attachment":[{"href":"https:\/\/trimax-solar.com\/en\/wp-json\/wp\/v2\/media?parent=1067"}],"curies":[{"name":"wp","href":"https:\/\/api.w.org\/{rel}","templated":true}]}}